{"id":8281,"date":"2020-11-27T14:29:07","date_gmt":"2020-11-27T13:29:07","guid":{"rendered":"https:\/\/sertalink.com\/?page_id=8281"},"modified":"2023-04-19T21:40:29","modified_gmt":"2023-04-19T19:40:29","slug":"secure-remote-access","status":"publish","type":"page","link":"https:\/\/www.sertalink.com\/fr\/secure-remote-access\/","title":{"rendered":"Acc\u00e8s \u00e0 distance s\u00e9curis\u00e9"},"content":{"rendered":"<p>[et_pb_section fb_built=&#8221;1&#8243; custom_padding_last_edited=&#8221;on|phone&#8221; _builder_version=&#8221;4.9.2&#8243; _module_preset=&#8221;default&#8221; background_image=&#8221;https:\/\/sertalink.com\/wp-content\/uploads\/2023\/03\/purp2-1-1.png&#8221; background_position=&#8221;top_left&#8221; custom_padding=&#8221;13em||||false|false&#8221; custom_padding_tablet=&#8221;&#8221; custom_padding_phone=&#8221;5em||||false|false&#8221; da_disable_devices=&#8221;off|off|off&#8221; da_is_popup=&#8221;off&#8221; da_exit_intent=&#8221;off&#8221; da_has_close=&#8221;on&#8221; da_alt_close=&#8221;off&#8221; da_dark_close=&#8221;off&#8221; da_not_modal=&#8221;on&#8221; da_is_singular=&#8221;off&#8221; da_with_loader=&#8221;off&#8221; da_has_shadow=&#8221;on&#8221;][et_pb_row _builder_version=&#8221;4.9.2&#8243; _module_preset=&#8221;default&#8221; width_tablet=&#8221;&#8221; width_phone=&#8221;85%&#8221; width_last_edited=&#8221;on|phone&#8221; animation_style=&#8221;zoom&#8221; animation_intensity_zoom=&#8221;10%&#8221; animation_starting_opacity=&#8221;100%&#8221;][et_pb_column type=&#8221;4_4&#8243; _builder_version=&#8221;4.9.2&#8243; _module_preset=&#8221;default&#8221;][et_pb_text _builder_version=&#8221;4.9.2&#8243; _module_preset=&#8221;default&#8221; header_font=&#8221;Fjalla|700|||||||&#8221; header_text_color=&#8221;#FFFFFF&#8221; header_font_size=&#8221;50px&#8221; custom_margin=&#8221;||0px||false|false&#8221; custom_padding=&#8221;||||false|false&#8221; hover_enabled=&#8221;0&#8243; header_font_size_tablet=&#8221;&#8221; header_font_size_phone=&#8221;35px&#8221; header_font_size_last_edited=&#8221;on|phone&#8221; sticky_enabled=&#8221;0&#8243;]<\/p>\n<h1>Acc\u00e8s \u00e0 distance s\u00e9curis\u00e9<\/h1>\n<p>[\/et_pb_text][et_pb_text _builder_version=&#8221;4.9.2&#8243; _module_preset=&#8221;default&#8221; text_font=&#8221;Montserrat Regular||||||||&#8221; text_text_color=&#8221;#bfbfbf&#8221; text_font_size=&#8221;16px&#8221; header_font=&#8221;Fjalla|700|||||||&#8221; header_text_color=&#8221;#FFFFFF&#8221; custom_margin=&#8221;||||false|false&#8221; custom_padding=&#8221;||||false|false&#8221; hover_enabled=&#8221;0&#8243; sticky_enabled=&#8221;0&#8243;]<a href=\"https:\/\/www.sertalink.com\/fr\/\" style=\"color: #fff;\">Homepage<\/a>\/ Secure Remote Access[\/et_pb_text][\/et_pb_column][\/et_pb_row][\/et_pb_section][et_pb_section fb_built=&#8221;1&#8243; admin_label=&#8221;section&#8221; _builder_version=&#8221;3.22.3&#8243; da_is_popup=&#8221;off&#8221; da_exit_intent=&#8221;off&#8221; da_has_close=&#8221;on&#8221; da_alt_close=&#8221;off&#8221; da_dark_close=&#8221;off&#8221; da_not_modal=&#8221;on&#8221; da_is_singular=&#8221;off&#8221; da_with_loader=&#8221;off&#8221; da_has_shadow=&#8221;on&#8221; da_disable_devices=&#8221;off|off|off&#8221;][et_pb_row column_structure=&#8221;3_4,1_4&#8243; _builder_version=&#8221;4.6.6&#8243; _module_preset=&#8221;default&#8221;][et_pb_column type=&#8221;3_4&#8243; _builder_version=&#8221;4.6.6&#8243; _module_preset=&#8221;default&#8221;][et_pb_text _builder_version=&#8221;4.6.6&#8243; _module_preset=&#8221;default&#8221; custom_margin=&#8221;||-4px|||&#8221; custom_padding=&#8221;|0px||||&#8221;]<\/p>\n<header>\n<h2><span property=\"schema:name\">Acc\u00e8s \u00e0 distance s\u00e9curis\u00e9<\/span><\/h2>\n<\/header>\n<div class=\"row\">\n<div class=\"col-sm-7\">\n<div class=\"text-area\">\n<div property=\"schema:text\">\n<p>Connecting systems or networks of different security levels, where one of the systems may be untrusted and outside the organisational control poses a great security risk. Secure Remote Access is a high security solution that offers data loss- and intrusion-prevention.<\/p>\n<h4><span style=\"color: #000000;\">Enabling secure access to systems<\/span><\/h4>\n<p>Today\u2019s advanced attack methods requires that attack surfaces are reduced and permitted remote access methods are limited. Stopping malicious code from entering the protected network or stopping any sensitive information from leaving the protected network will be hard if these threats are not handled with care.<br \/> Advenicas Cross Domain Solution provides secure access to protected neworks like ICS\/SCADA environments or classified systems.<\/p>\n<h4><span style=\"color: #000000;\">Validating all information<\/span><\/h4>\n<p>Advenicas Secure Remote Access Solution, RDP Application for SecuriCDS ZoneGuard, employs a well-defined information access methodology to reduce attack exposure. It safe-guards both the confidentiality and integrity of the interfaced systems by:<\/p>\n<ul>\n<li>transforming the Remote Desktop Protocol stream into single bitmap images, keystrokes and mouse movements at the cross domain point<\/li>\n<li>validating the bitmap images, the keystrokes and the mouse movements to ensure correct information types<\/li>\n<li>applying flexible filters, e.g. noise on the images, adding variables to mouse movement or restricting valid keystroke codes<\/li>\n<\/ul>\n<p><img loading=\"lazy\" decoding=\"async\" alt=\"secure remote access\" data-entity-type=\"file\" data-entity-uuid=\"2a546e01-3b50-48c1-a4ab-d0200e589eb8\" src=\"https:\/\/advenica.com\/sites\/default\/files\/inline-images\/fe17f84454e08af950695a7f48a3bbf1_1539345154240%201500.jpg\" width=\"500\" height=\"334\" \/><\/p>\n<h4><span style=\"color: #000000;\">Typical use cases include<\/span><\/h4>\n<ul>\n<li>providing secure access to several different systems in diverse security domains from a single computer<\/li>\n<li>enabling users in a protected network to access resources in a lower classified network including Internet<\/li>\n<li>safe guarding jump servers and providing secure remote access for suppliers of equipment or off-site consultancy<\/li>\n<\/ul>\n<h4><span style=\"color: #000000;\">Multiple resources and user handling<\/span><\/h4>\n<p>The Secure Remote Access solution supports multiple resources or servers on the protected network. Users are defined using a RDP Credentials Generator application which also sets which resources the user is permitted to access.\u00a0Users trying to establish an RDP connection to the ZoneGuard device will be validated and displayed with a list of allowed resources to access. To establish a connection to a resource, the resource specific credentials must be entered by the user.<\/p>\n<\/div>\n<\/div>\n<\/div>\n<\/div>\n<p>[\/et_pb_text][\/et_pb_column][et_pb_column type=&#8221;1_4&#8243; _builder_version=&#8221;4.6.6&#8243; _module_preset=&#8221;default&#8221;][et_pb_image src=&#8221;https:\/\/sertalink.com\/wp-content\/uploads\/2020\/11\/me-615.png&#8221; title_text=&#8221;me&#8221; url=&#8221;https:\/\/sertalink.com\/wp-content\/uploads\/2020\/11\/Datasheet-secure-remote.pdf&#8221; url_new_window=&#8221;on&#8221; _builder_version=&#8221;4.6.6&#8243; _module_preset=&#8221;default&#8221;][\/et_pb_image][et_pb_text _builder_version=&#8221;4.6.6&#8243; _module_preset=&#8221;default&#8221; custom_margin=&#8221;-34px|||||&#8221; custom_padding=&#8221;|||8px||&#8221;]<\/p>\n<p style=\"text-align: right;\">Download DataSheet<\/p>\n<p>[\/et_pb_text][\/et_pb_column][\/et_pb_row][\/et_pb_section]<\/p>","protected":false},"excerpt":{"rendered":"<p>Secure Remote AccessHomepage\/ Secure Remote Access Secure Remote Access Connecting systems or networks of different security levels, where one of the systems may be untrusted and outside the organisational control poses a great security risk. Secure Remote Access is a high security solution that offers data loss- and intrusion-prevention. Enabling secure access to systems Today\u2019s [&hellip;]<\/p>","protected":false},"author":26,"featured_media":0,"parent":0,"menu_order":0,"comment_status":"closed","ping_status":"closed","template":"","meta":{"_et_pb_use_builder":"on","_et_pb_old_content":"","_et_gb_content_width":"","footnotes":""},"class_list":["post-8281","page","type-page","status-publish","hentry"],"yoast_head":"<!-- This site is optimized with the Yoast SEO Premium plugin v15.1.2 - https:\/\/yoast.com\/wordpress\/plugins\/seo\/ -->\n<title>Secure Remote Access | Sertalink Belgium &amp; Luxembourg<\/title>\n<meta name=\"robots\" content=\"index, follow, max-snippet:-1, max-image-preview:large, max-video-preview:-1\" \/>\n<link rel=\"canonical\" href=\"https:\/\/sertalink.com\/secure-remote-access\/\" \/>\n<meta property=\"og:locale\" content=\"fr_FR\" \/>\n<meta property=\"og:type\" content=\"article\" \/>\n<meta property=\"og:title\" content=\"Secure Remote Access | Sertalink Belgium &amp; Luxembourg\" \/>\n<meta property=\"og:url\" content=\"https:\/\/sertalink.com\/secure-remote-access\/\" \/>\n<meta property=\"og:site_name\" content=\"Sertalink Belgium &amp; Luxembourg\" \/>\n<meta property=\"article:publisher\" content=\"https:\/\/www.facebook.com\/sertalink\/\" \/>\n<meta property=\"article:modified_time\" content=\"2023-04-19T19:40:29+00:00\" \/>\n<meta property=\"og:image\" content=\"https:\/\/advenica.com\/sites\/default\/files\/inline-images\/fe17f84454e08af950695a7f48a3bbf1_1539345154240%201500.jpg\" \/>\n<meta name=\"twitter:card\" content=\"summary_large_image\" \/>\n<meta name=\"twitter:creator\" content=\"@sertalink_bnlx\" \/>\n<meta name=\"twitter:site\" content=\"@sertalink_bnlx\" \/>\n<script type=\"application\/ld+json\" class=\"yoast-schema-graph\">{\"@context\":\"https:\/\/schema.org\",\"@graph\":[{\"@type\":[\"Organization\",\"Place\"],\"@id\":\"https:\/\/www.sertalink.com\/fr\/#organization\",\"name\":\"Sertalink Belgium\",\"url\":\"https:\/\/www.sertalink.com\/fr\/\",\"sameAs\":[\"https:\/\/www.facebook.com\/sertalink\/\",\"https:\/\/www.linkedin.com\/company\/sertalink\/\",\"https:\/\/twitter.com\/sertalink_bnlx\"],\"logo\":{\"@type\":\"ImageObject\",\"@id\":\"https:\/\/www.sertalink.com\/fr\/#logo\",\"inLanguage\":\"fr-FR\",\"url\":\"https:\/\/www.sertalink.com\/wp-content\/uploads\/2016\/09\/sertaLinkLogo.png\",\"width\":90,\"height\":112,\"caption\":\"Sertalink Belgium\"},\"image\":{\"@id\":\"https:\/\/www.sertalink.com\/fr\/#logo\"},\"location\":{\"@id\":\"https:\/\/sertalink.com\/secure-remote-access\/#local-place\"},\"address\":{\"@id\":\"https:\/\/sertalink.com\/secure-remote-access\/#local-place-address\"},\"email\":\"sales@sertalink.com\",\"telephone\":\"+3293109351\",\"areaServed\":\"Benelux\",\"vatID\":\"BE 0632.806.125\"},{\"@type\":\"WebSite\",\"@id\":\"https:\/\/www.sertalink.com\/fr\/#website\",\"url\":\"https:\/\/www.sertalink.com\/fr\/\",\"name\":\"Sertalink Belgium &amp; Luxembourg\",\"description\":\"Your link to a safe environment\",\"publisher\":{\"@id\":\"https:\/\/www.sertalink.com\/fr\/#organization\"},\"potentialAction\":[{\"@type\":\"SearchAction\",\"target\":\"https:\/\/www.sertalink.com\/fr\/?s={search_term_string}\",\"query-input\":\"required name=search_term_string\"}],\"inLanguage\":\"fr-FR\"},{\"@type\":\"ImageObject\",\"@id\":\"https:\/\/sertalink.com\/secure-remote-access\/#primaryimage\",\"inLanguage\":\"fr-FR\",\"url\":\"https:\/\/advenica.com\/sites\/default\/files\/inline-images\/fe17f84454e08af950695a7f48a3bbf1_1539345154240%201500.jpg\"},{\"@type\":\"WebPage\",\"@id\":\"https:\/\/sertalink.com\/secure-remote-access\/#webpage\",\"url\":\"https:\/\/sertalink.com\/secure-remote-access\/\",\"name\":\"Secure Remote Access | Sertalink Belgium &amp; Luxembourg\",\"isPartOf\":{\"@id\":\"https:\/\/www.sertalink.com\/fr\/#website\"},\"primaryImageOfPage\":{\"@id\":\"https:\/\/sertalink.com\/secure-remote-access\/#primaryimage\"},\"datePublished\":\"2020-11-27T13:29:07+00:00\",\"dateModified\":\"2023-04-19T19:40:29+00:00\",\"inLanguage\":\"fr-FR\",\"potentialAction\":[{\"@type\":\"ReadAction\",\"target\":[\"https:\/\/sertalink.com\/secure-remote-access\/\"]}]},{\"@type\":\"Place\",\"@id\":\"https:\/\/sertalink.com\/secure-remote-access\/#local-place\",\"address\":{\"@type\":\"PostalAddress\",\"@id\":\"https:\/\/sertalink.com\/secure-remote-access\/#local-place-address\",\"streetAddress\":\"Gentse Steenweg 47\",\"addressLocality\":\"Lokeren\",\"postalCode\":\"9160\",\"addressRegion\":\"Oost-Vlaanderen\",\"addressCountry\":\"BE\"},\"geo\":{\"@type\":\"GeoCoordinates\",\"latitude\":\"\",\"longitude\":\"\"},\"openingHoursSpecification\":[{\"@type\":\"OpeningHoursSpecification\",\"dayOfWeek\":[\"Monday\",\"Tuesday\",\"Wednesday\",\"Thursday\",\"Friday\"],\"opens\":\"09:00\",\"closes\":\"17:30\"},{\"@type\":\"OpeningHoursSpecification\",\"dayOfWeek\":[\"Saturday\",\"Sunday\"],\"opens\":\"00:00\",\"closes\":\"00:00\"}],\"telephone\":\"+3293109351\"}]}<\/script>\n<meta name=\"geo.placename\" content=\"Lokeren\" \/>\n<meta name=\"geo.region\" content=\"Belgique\" \/>\n<!-- \/ Yoast SEO Premium plugin. -->","_links":{"self":[{"href":"https:\/\/www.sertalink.com\/fr\/wp-json\/wp\/v2\/pages\/8281","targetHints":{"allow":["GET"]}}],"collection":[{"href":"https:\/\/www.sertalink.com\/fr\/wp-json\/wp\/v2\/pages"}],"about":[{"href":"https:\/\/www.sertalink.com\/fr\/wp-json\/wp\/v2\/types\/page"}],"author":[{"embeddable":true,"href":"https:\/\/www.sertalink.com\/fr\/wp-json\/wp\/v2\/users\/26"}],"replies":[{"embeddable":true,"href":"https:\/\/www.sertalink.com\/fr\/wp-json\/wp\/v2\/comments?post=8281"}],"version-history":[{"count":3,"href":"https:\/\/www.sertalink.com\/fr\/wp-json\/wp\/v2\/pages\/8281\/revisions"}],"predecessor-version":[{"id":18070,"href":"https:\/\/www.sertalink.com\/fr\/wp-json\/wp\/v2\/pages\/8281\/revisions\/18070"}],"wp:attachment":[{"href":"https:\/\/www.sertalink.com\/fr\/wp-json\/wp\/v2\/media?parent=8281"}],"curies":[{"name":"wp","href":"https:\/\/api.w.org\/{rel}","templated":true}]}}